{"id":104,"date":"2022-10-13T02:09:22","date_gmt":"2022-10-13T00:09:22","guid":{"rendered":"https:\/\/proto.pauseetvous.net\/?page_id=104"},"modified":"2022-10-22T10:54:35","modified_gmt":"2022-10-22T08:54:35","slug":"a-propos","status":"publish","type":"page","link":"https:\/\/pauseetvous.net\/index.php\/a-propos\/","title":{"rendered":"\u00c0 PROPOS"},"content":{"rendered":"\n<p>Bonjour, je me pr\u00e9nomme Rachel. Install\u00e9e \u00e0\u00a0<strong><a href=\"https:\/\/pauseetvous.net\/index.php\/carte-de-localisation\/\">Glaire<\/a><\/strong>\u00a0dans les Ardennes et ayant suivi un parcours en tant que chef d\u2019\u00e9quipe dans une entreprise de fabrication de composants \u00e9lectroniques, j\u2019essayais de m\u2019orienter vers le milieu param\u00e9dical. Confront\u00e9e au stress de la vie moderne et \u00e0 la course \u00e0 la productivit\u00e9, je me suis davantage int\u00e9ress\u00e9e \u00e0 toutes les techniques de bien-\u00eatre et de relaxation qui pourraient m\u2019aider et aider les autres \u00e0 rendre notre quotidien plus serein.<\/p>\n\n\n\n<p>J\u2019ai donc rencontr\u00e9 des formateurs et formatrices qui m\u2019ont enseign\u00e9 la pratique de ces techniques de bien-\u00eatre. Certaines formations ont \u00e9t\u00e9 intenses mais tr\u00e8s courtes, la pratique r\u00e9guli\u00e8re faisant le reste. L\u2019important \u00e9tant d\u2019avoir envie de soulager les autres et une curiosit\u00e9 permanente pour toutes les pratiques du bien-\u00eatre.<\/p>\n\n\n\n<p>Ce qui me pla\u00eet le plus dans ma profession :<br>Tout d\u2019abord la relation de confiance qui s\u2019installe avec les personnes venant me consulter. C\u2019est \u00e9galement le fait de pouvoir apporter du bien-\u00eatre, du soulagement et de la d\u00e9tente aux autres et de constater les r\u00e9sultats parfois \u00ab\u00a0\u00e9poustouflants\u00a0\u00bb. C\u2019est enfin d\u2019\u00eatre en permanence en relation avec des gens du m\u00e9tier lors de formations diverses et de pouvoir \u00e9changer nos diff\u00e9rents points de vue.<\/p>\n","protected":false},"excerpt":{"rendered":"<p>Bonjour, je me pr\u00e9nomme Rachel. Install\u00e9e \u00e0\u00a0Glaire\u00a0dans les Ardennes et ayant suivi un parcours en tant que chef d\u2019\u00e9quipe dans une entreprise de fabrication de composants \u00e9lectroniques, j\u2019essayais de m\u2019orienter vers le milieu param\u00e9dical. Confront\u00e9e au stress de la vie <a class=\"more-link\" href=\"https:\/\/pauseetvous.net\/index.php\/a-propos\/\">Continuer la lecture <span class=\"screen-reader-text\">  \u00c0 PROPOS<\/span><span class=\"meta-nav\">&rarr;<\/span><\/a><\/p>\n","protected":false},"author":1,"featured_media":0,"parent":0,"menu_order":0,"comment_status":"closed","ping_status":"closed","template":"","meta":{"footnotes":""},"class_list":["post-104","page","type-page","status-publish","hentry"],"yoast_head":"<!-- This site is optimized with the Yoast SEO plugin v27.5 - https:\/\/yoast.com\/product\/yoast-seo-wordpress\/ -->\n<title>\u00c0 PROPOS &#8226; Pause et Vous<\/title>\n<meta name=\"description\" content=\"Sedan &#8226; Glaire &#8226; Villers-Meuse &#8226; Charleville-M\u00e9zi\u00e8res &#8226; Donchery &#8226; Mouzon &#8226; Carignan &#8226; Ardennes &#8226; Champagne Ardenne &#8226; Grand Est &#8226; Bouillon &#8226; Florenville &#8226; Sinot &#8226; Rachel &#8226; Conf\u00e9rence &#8226; Ev\u00e9nementiel &#8226; Pause et vous &#8226; groupe &#8226; cadeau &#8226; soci\u00e9t\u00e9 &#8226; entreprises &#8226; domicile &#8226; Bien-\u00eatre &#8226; naturel &#8226; massage &#8226; pause &#8226; stress &#8226; anxi\u00e9t\u00e9 &#8226; tensions &#8226; respiration &#8226; instant pr\u00e9sent &#8226; inquiet &#8226; soin &#8226; relaxation &#8226; douleurs &#8226; pied &#8226; main &#8226; dos &#8226; cervicales &#8226; cou &#8226; massage plantaire &#8226; r\u00e9flexologie &#8226; acupressure &#8226; magn\u00e9tisme &#8226; sophromagn\u00e9tisme &#8226; \u00e9nergie &#8226; m\u00e9thode naturelle &#8226; \u00e9quilibre &#8226; corps esprit &#8226; zones r\u00e9flexes &#8226; burn out &#8226; sport &#8226; d\u00e9tente &#8226; sant\u00e9 &#8226; plaisir &#8226; joie &#8226; satisfaction &#8226; bonheur &#8226; contentement &#8226; euphorie &#8226; jouissance &#8226; paix-confort &#8226; moment &#8226; prosp\u00e9rit\u00e9 &#8226; chaleur &#8226; douceur &#8226; volupt\u00e9 &#8226; s\u00e9r\u00e9nit\u00e9 &#8226; qui\u00e9tude &#8226; \u00e9quilibre &#8226; soulagement &#8226; positif &#8226; favorable &#8226; solide &#8226; s\u00fbr &#8226; assur\u00e9 &#8226; objectif &#8226; syst\u00e8me nerveux &#8226; r\u00e9flexes &#8226; attraction &#8226; fluide &#8226; hypnose &#8226; mesm\u00e9risme &#8226; aimant &#8226; d\u00e9contraction &#8226; rel\u00e2chement &#8226; d\u00e9lassement &#8226; lib\u00e9ration &#8226; libert\u00e9 &#8226; relaxe &#8226; rem\u00e8de &#8226; force &#8226; vie &#8226; th\u00e9rapie naturelle &#8226; m\u00e9decine alternative &#8226; naturopathie &#8226; m\u00e9decine parall\u00e8le &#8226; traditionnelles &#8226; m\u00e9decine douce &#8226; m\u00e9decine compl\u00e9mentaire &#8226; musicoth\u00e9rapie &#8226; magn\u00e9toth\u00e9rapie &#8226; Amma Assis &#8226; huile essentielle &#8226; fleurs de Bach &#8226; pratiques \u00e9nerg\u00e9tiques &#8226; la nature &#8226; Ki &#8226; Prana &#8226; influx vital &#8226; gu\u00e9rison &#8226; Charly Samson\" \/>\n<meta name=\"robots\" content=\"index, follow, max-snippet:-1, max-image-preview:large, max-video-preview:-1\" \/>\n<link rel=\"canonical\" href=\"https:\/\/pauseetvous.net\/index.php\/a-propos\/\" \/>\n<meta property=\"og:locale\" content=\"fr_FR\" \/>\n<meta property=\"og:type\" content=\"article\" \/>\n<meta property=\"og:title\" content=\"\u00c0 PROPOS &#8226; Pause et Vous\" \/>\n<meta property=\"og:description\" content=\"Sedan &#8226; Glaire &#8226; Villers-Meuse &#8226; Charleville-M\u00e9zi\u00e8res &#8226; Donchery &#8226; Mouzon &#8226; Carignan &#8226; Ardennes &#8226; Champagne Ardenne &#8226; Grand Est &#8226; Bouillon &#8226; Florenville &#8226; Sinot &#8226; Rachel &#8226; Conf\u00e9rence &#8226; Ev\u00e9nementiel &#8226; Pause et vous &#8226; groupe &#8226; cadeau &#8226; soci\u00e9t\u00e9 &#8226; entreprises &#8226; domicile &#8226; Bien-\u00eatre &#8226; naturel &#8226; massage &#8226; pause &#8226; stress &#8226; anxi\u00e9t\u00e9 &#8226; tensions &#8226; respiration &#8226; instant pr\u00e9sent &#8226; inquiet &#8226; soin &#8226; relaxation &#8226; douleurs &#8226; pied &#8226; main &#8226; dos &#8226; cervicales &#8226; cou &#8226; massage plantaire &#8226; r\u00e9flexologie &#8226; acupressure &#8226; magn\u00e9tisme &#8226; sophromagn\u00e9tisme &#8226; \u00e9nergie &#8226; m\u00e9thode naturelle &#8226; \u00e9quilibre &#8226; corps esprit &#8226; zones r\u00e9flexes &#8226; burn out &#8226; sport &#8226; d\u00e9tente &#8226; sant\u00e9 &#8226; plaisir &#8226; joie &#8226; satisfaction &#8226; bonheur &#8226; contentement &#8226; euphorie &#8226; jouissance &#8226; paix-confort &#8226; moment &#8226; prosp\u00e9rit\u00e9 &#8226; chaleur &#8226; douceur &#8226; volupt\u00e9 &#8226; s\u00e9r\u00e9nit\u00e9 &#8226; qui\u00e9tude &#8226; \u00e9quilibre &#8226; soulagement &#8226; positif &#8226; favorable &#8226; solide &#8226; s\u00fbr &#8226; assur\u00e9 &#8226; objectif &#8226; syst\u00e8me nerveux &#8226; r\u00e9flexes &#8226; attraction &#8226; fluide &#8226; hypnose &#8226; mesm\u00e9risme &#8226; aimant &#8226; d\u00e9contraction &#8226; rel\u00e2chement &#8226; d\u00e9lassement &#8226; lib\u00e9ration &#8226; libert\u00e9 &#8226; relaxe &#8226; rem\u00e8de &#8226; force &#8226; vie &#8226; th\u00e9rapie naturelle &#8226; m\u00e9decine alternative &#8226; naturopathie &#8226; m\u00e9decine parall\u00e8le &#8226; traditionnelles &#8226; m\u00e9decine douce &#8226; m\u00e9decine compl\u00e9mentaire &#8226; musicoth\u00e9rapie &#8226; magn\u00e9toth\u00e9rapie &#8226; Amma Assis &#8226; huile essentielle &#8226; fleurs de Bach &#8226; pratiques \u00e9nerg\u00e9tiques &#8226; la nature &#8226; Ki &#8226; Prana &#8226; influx vital &#8226; gu\u00e9rison &#8226; Charly Samson\" \/>\n<meta property=\"og:url\" content=\"https:\/\/pauseetvous.net\/index.php\/a-propos\/\" \/>\n<meta property=\"og:site_name\" content=\"Pause et Vous\" \/>\n<meta property=\"article:publisher\" content=\"https:\/\/www.facebook.com\/PauseEtVous.Rachel.SINOT\" \/>\n<meta property=\"article:modified_time\" content=\"2022-10-22T08:54:35+00:00\" \/>\n<meta name=\"twitter:card\" content=\"summary_large_image\" \/>\n<meta name=\"twitter:label1\" content=\"Dur\u00e9e de lecture estim\u00e9e\" \/>\n\t<meta name=\"twitter:data1\" content=\"2 minutes\" \/>\n<script type=\"application\/ld+json\" class=\"yoast-schema-graph\">{\"@context\":\"https:\\\/\\\/schema.org\",\"@graph\":[{\"@type\":\"WebPage\",\"@id\":\"https:\\\/\\\/pauseetvous.net\\\/index.php\\\/a-propos\\\/\",\"url\":\"https:\\\/\\\/pauseetvous.net\\\/index.php\\\/a-propos\\\/\",\"name\":\"\u00c0 PROPOS &#8226; Pause et Vous\",\"isPartOf\":{\"@id\":\"https:\\\/\\\/pauseetvous.net\\\/#website\"},\"datePublished\":\"2022-10-13T00:09:22+00:00\",\"dateModified\":\"2022-10-22T08:54:35+00:00\",\"description\":\"Sedan &#8226; Glaire &#8226; Villers-Meuse &#8226; Charleville-M\u00e9zi\u00e8res &#8226; Donchery &#8226; Mouzon &#8226; Carignan &#8226; Ardennes &#8226; Champagne Ardenne &#8226; Grand Est &#8226; Bouillon &#8226; Florenville &#8226; Sinot &#8226; Rachel &#8226; Conf\u00e9rence &#8226; Ev\u00e9nementiel &#8226; Pause et vous &#8226; groupe &#8226; cadeau &#8226; soci\u00e9t\u00e9 &#8226; entreprises &#8226; domicile &#8226; Bien-\u00eatre &#8226; naturel &#8226; massage &#8226; pause &#8226; stress &#8226; anxi\u00e9t\u00e9 &#8226; tensions &#8226; respiration &#8226; instant pr\u00e9sent &#8226; inquiet &#8226; soin &#8226; relaxation &#8226; douleurs &#8226; pied &#8226; main &#8226; dos &#8226; cervicales &#8226; cou &#8226; massage plantaire &#8226; r\u00e9flexologie &#8226; acupressure &#8226; magn\u00e9tisme &#8226; sophromagn\u00e9tisme &#8226; \u00e9nergie &#8226; m\u00e9thode naturelle &#8226; \u00e9quilibre &#8226; corps esprit &#8226; zones r\u00e9flexes &#8226; burn out &#8226; sport &#8226; d\u00e9tente &#8226; sant\u00e9 &#8226; plaisir &#8226; joie &#8226; satisfaction &#8226; bonheur &#8226; contentement &#8226; euphorie &#8226; jouissance &#8226; paix-confort &#8226; moment &#8226; prosp\u00e9rit\u00e9 &#8226; chaleur &#8226; douceur &#8226; volupt\u00e9 &#8226; s\u00e9r\u00e9nit\u00e9 &#8226; qui\u00e9tude &#8226; \u00e9quilibre &#8226; soulagement &#8226; positif &#8226; favorable &#8226; solide &#8226; s\u00fbr &#8226; assur\u00e9 &#8226; objectif &#8226; syst\u00e8me nerveux &#8226; r\u00e9flexes &#8226; attraction &#8226; fluide &#8226; hypnose &#8226; mesm\u00e9risme &#8226; aimant &#8226; d\u00e9contraction &#8226; rel\u00e2chement &#8226; d\u00e9lassement &#8226; lib\u00e9ration &#8226; libert\u00e9 &#8226; relaxe &#8226; rem\u00e8de &#8226; force &#8226; vie &#8226; th\u00e9rapie naturelle &#8226; m\u00e9decine alternative &#8226; naturopathie &#8226; m\u00e9decine parall\u00e8le &#8226; traditionnelles &#8226; m\u00e9decine douce &#8226; m\u00e9decine compl\u00e9mentaire &#8226; musicoth\u00e9rapie &#8226; magn\u00e9toth\u00e9rapie &#8226; Amma Assis &#8226; huile essentielle &#8226; fleurs de Bach &#8226; pratiques \u00e9nerg\u00e9tiques &#8226; la nature &#8226; Ki &#8226; Prana &#8226; influx vital &#8226; gu\u00e9rison &#8226; Charly Samson\",\"breadcrumb\":{\"@id\":\"https:\\\/\\\/pauseetvous.net\\\/index.php\\\/a-propos\\\/#breadcrumb\"},\"inLanguage\":\"fr-FR\",\"potentialAction\":[{\"@type\":\"ReadAction\",\"target\":[\"https:\\\/\\\/pauseetvous.net\\\/index.php\\\/a-propos\\\/\"]}]},{\"@type\":\"BreadcrumbList\",\"@id\":\"https:\\\/\\\/pauseetvous.net\\\/index.php\\\/a-propos\\\/#breadcrumb\",\"itemListElement\":[{\"@type\":\"ListItem\",\"position\":1,\"name\":\"Accueil\",\"item\":\"https:\\\/\\\/pauseetvous.net\\\/\"},{\"@type\":\"ListItem\",\"position\":2,\"name\":\"\u00c0 PROPOS\"}]},{\"@type\":\"WebSite\",\"@id\":\"https:\\\/\\\/pauseetvous.net\\\/#website\",\"url\":\"https:\\\/\\\/pauseetvous.net\\\/\",\"name\":\"Pause et Vous\",\"description\":\"Massage et Relaxation\",\"publisher\":{\"@id\":\"https:\\\/\\\/pauseetvous.net\\\/#organization\"},\"alternateName\":\"Bien \u00eatre Massage et relaxation\",\"potentialAction\":[{\"@type\":\"SearchAction\",\"target\":{\"@type\":\"EntryPoint\",\"urlTemplate\":\"https:\\\/\\\/pauseetvous.net\\\/?s={search_term_string}\"},\"query-input\":{\"@type\":\"PropertyValueSpecification\",\"valueRequired\":true,\"valueName\":\"search_term_string\"}}],\"inLanguage\":\"fr-FR\"},{\"@type\":\"Organization\",\"@id\":\"https:\\\/\\\/pauseetvous.net\\\/#organization\",\"name\":\"Pause et Vous\",\"url\":\"https:\\\/\\\/pauseetvous.net\\\/\",\"logo\":{\"@type\":\"ImageObject\",\"inLanguage\":\"fr-FR\",\"@id\":\"https:\\\/\\\/pauseetvous.net\\\/#\\\/schema\\\/logo\\\/image\\\/\",\"url\":\"https:\\\/\\\/pauseetvous.net\\\/wp-content\\\/uploads\\\/2020\\\/04\\\/Logo_250x89.bmp\",\"contentUrl\":\"https:\\\/\\\/pauseetvous.net\\\/wp-content\\\/uploads\\\/2020\\\/04\\\/Logo_250x89.bmp\",\"width\":250,\"height\":250,\"caption\":\"Pause et Vous\"},\"image\":{\"@id\":\"https:\\\/\\\/pauseetvous.net\\\/#\\\/schema\\\/logo\\\/image\\\/\"},\"sameAs\":[\"https:\\\/\\\/www.facebook.com\\\/PauseEtVous.Rachel.SINOT\"]}]}<\/script>\n<!-- \/ Yoast SEO plugin. -->","yoast_head_json":{"title":"\u00c0 PROPOS &#8226; Pause et Vous","description":"Sedan &#8226; Glaire &#8226; Villers-Meuse &#8226; Charleville-M\u00e9zi\u00e8res &#8226; Donchery &#8226; Mouzon &#8226; Carignan &#8226; Ardennes &#8226; Champagne Ardenne &#8226; Grand Est &#8226; Bouillon &#8226; Florenville &#8226; Sinot &#8226; Rachel &#8226; Conf\u00e9rence &#8226; Ev\u00e9nementiel &#8226; Pause et vous &#8226; groupe &#8226; cadeau &#8226; soci\u00e9t\u00e9 &#8226; entreprises &#8226; domicile &#8226; Bien-\u00eatre &#8226; naturel &#8226; massage &#8226; pause &#8226; stress &#8226; anxi\u00e9t\u00e9 &#8226; tensions &#8226; respiration &#8226; instant pr\u00e9sent &#8226; inquiet &#8226; soin &#8226; relaxation &#8226; douleurs &#8226; pied &#8226; main &#8226; dos &#8226; cervicales &#8226; cou &#8226; massage plantaire &#8226; r\u00e9flexologie &#8226; acupressure &#8226; magn\u00e9tisme &#8226; sophromagn\u00e9tisme &#8226; \u00e9nergie &#8226; m\u00e9thode naturelle &#8226; \u00e9quilibre &#8226; corps esprit &#8226; zones r\u00e9flexes &#8226; burn out &#8226; sport &#8226; d\u00e9tente &#8226; sant\u00e9 &#8226; plaisir &#8226; joie &#8226; satisfaction &#8226; bonheur &#8226; contentement &#8226; euphorie &#8226; jouissance &#8226; paix-confort &#8226; moment &#8226; prosp\u00e9rit\u00e9 &#8226; chaleur &#8226; douceur &#8226; volupt\u00e9 &#8226; s\u00e9r\u00e9nit\u00e9 &#8226; qui\u00e9tude &#8226; \u00e9quilibre &#8226; soulagement &#8226; positif &#8226; favorable &#8226; solide &#8226; s\u00fbr &#8226; assur\u00e9 &#8226; objectif &#8226; syst\u00e8me nerveux &#8226; r\u00e9flexes &#8226; attraction &#8226; fluide &#8226; hypnose &#8226; mesm\u00e9risme &#8226; aimant &#8226; d\u00e9contraction &#8226; rel\u00e2chement &#8226; d\u00e9lassement &#8226; lib\u00e9ration &#8226; libert\u00e9 &#8226; relaxe &#8226; rem\u00e8de &#8226; force &#8226; vie &#8226; th\u00e9rapie naturelle &#8226; m\u00e9decine alternative &#8226; naturopathie &#8226; m\u00e9decine parall\u00e8le &#8226; traditionnelles &#8226; m\u00e9decine douce &#8226; m\u00e9decine compl\u00e9mentaire &#8226; musicoth\u00e9rapie &#8226; magn\u00e9toth\u00e9rapie &#8226; Amma Assis &#8226; huile essentielle &#8226; fleurs de Bach &#8226; pratiques \u00e9nerg\u00e9tiques &#8226; la nature &#8226; Ki &#8226; Prana &#8226; influx vital &#8226; gu\u00e9rison &#8226; Charly Samson","robots":{"index":"index","follow":"follow","max-snippet":"max-snippet:-1","max-image-preview":"max-image-preview:large","max-video-preview":"max-video-preview:-1"},"canonical":"https:\/\/pauseetvous.net\/index.php\/a-propos\/","og_locale":"fr_FR","og_type":"article","og_title":"\u00c0 PROPOS &#8226; Pause et Vous","og_description":"Sedan &#8226; Glaire &#8226; Villers-Meuse &#8226; Charleville-M\u00e9zi\u00e8res &#8226; Donchery &#8226; Mouzon &#8226; Carignan &#8226; Ardennes &#8226; Champagne Ardenne &#8226; Grand Est &#8226; Bouillon &#8226; Florenville &#8226; Sinot &#8226; Rachel &#8226; Conf\u00e9rence &#8226; Ev\u00e9nementiel &#8226; Pause et vous &#8226; groupe &#8226; cadeau &#8226; soci\u00e9t\u00e9 &#8226; entreprises &#8226; domicile &#8226; Bien-\u00eatre &#8226; naturel &#8226; massage &#8226; pause &#8226; stress &#8226; anxi\u00e9t\u00e9 &#8226; tensions &#8226; respiration &#8226; instant pr\u00e9sent &#8226; inquiet &#8226; soin &#8226; relaxation &#8226; douleurs &#8226; pied &#8226; main &#8226; dos &#8226; cervicales &#8226; cou &#8226; massage plantaire &#8226; r\u00e9flexologie &#8226; acupressure &#8226; magn\u00e9tisme &#8226; sophromagn\u00e9tisme &#8226; \u00e9nergie &#8226; m\u00e9thode naturelle &#8226; \u00e9quilibre &#8226; corps esprit &#8226; zones r\u00e9flexes &#8226; burn out &#8226; sport &#8226; d\u00e9tente &#8226; sant\u00e9 &#8226; plaisir &#8226; joie &#8226; satisfaction &#8226; bonheur &#8226; contentement &#8226; euphorie &#8226; jouissance &#8226; paix-confort &#8226; moment &#8226; prosp\u00e9rit\u00e9 &#8226; chaleur &#8226; douceur &#8226; volupt\u00e9 &#8226; s\u00e9r\u00e9nit\u00e9 &#8226; qui\u00e9tude &#8226; \u00e9quilibre &#8226; soulagement &#8226; positif &#8226; favorable &#8226; solide &#8226; s\u00fbr &#8226; assur\u00e9 &#8226; objectif &#8226; syst\u00e8me nerveux &#8226; r\u00e9flexes &#8226; attraction &#8226; fluide &#8226; hypnose &#8226; mesm\u00e9risme &#8226; aimant &#8226; d\u00e9contraction &#8226; rel\u00e2chement &#8226; d\u00e9lassement &#8226; lib\u00e9ration &#8226; libert\u00e9 &#8226; relaxe &#8226; rem\u00e8de &#8226; force &#8226; vie &#8226; th\u00e9rapie naturelle &#8226; m\u00e9decine alternative &#8226; naturopathie &#8226; m\u00e9decine parall\u00e8le &#8226; traditionnelles &#8226; m\u00e9decine douce &#8226; m\u00e9decine compl\u00e9mentaire &#8226; musicoth\u00e9rapie &#8226; magn\u00e9toth\u00e9rapie &#8226; Amma Assis &#8226; huile essentielle &#8226; fleurs de Bach &#8226; pratiques \u00e9nerg\u00e9tiques &#8226; la nature &#8226; Ki &#8226; Prana &#8226; influx vital &#8226; gu\u00e9rison &#8226; Charly Samson","og_url":"https:\/\/pauseetvous.net\/index.php\/a-propos\/","og_site_name":"Pause et Vous","article_publisher":"https:\/\/www.facebook.com\/PauseEtVous.Rachel.SINOT","article_modified_time":"2022-10-22T08:54:35+00:00","twitter_card":"summary_large_image","twitter_misc":{"Dur\u00e9e de lecture estim\u00e9e":"2 minutes"},"schema":{"@context":"https:\/\/schema.org","@graph":[{"@type":"WebPage","@id":"https:\/\/pauseetvous.net\/index.php\/a-propos\/","url":"https:\/\/pauseetvous.net\/index.php\/a-propos\/","name":"\u00c0 PROPOS &#8226; Pause et Vous","isPartOf":{"@id":"https:\/\/pauseetvous.net\/#website"},"datePublished":"2022-10-13T00:09:22+00:00","dateModified":"2022-10-22T08:54:35+00:00","description":"Sedan &#8226; Glaire &#8226; Villers-Meuse &#8226; Charleville-M\u00e9zi\u00e8res &#8226; Donchery &#8226; Mouzon &#8226; Carignan &#8226; Ardennes &#8226; Champagne Ardenne &#8226; Grand Est &#8226; Bouillon &#8226; Florenville &#8226; Sinot &#8226; Rachel &#8226; Conf\u00e9rence &#8226; Ev\u00e9nementiel &#8226; Pause et vous &#8226; groupe &#8226; cadeau &#8226; soci\u00e9t\u00e9 &#8226; entreprises &#8226; domicile &#8226; Bien-\u00eatre &#8226; naturel &#8226; massage &#8226; pause &#8226; stress &#8226; anxi\u00e9t\u00e9 &#8226; tensions &#8226; respiration &#8226; instant pr\u00e9sent &#8226; inquiet &#8226; soin &#8226; relaxation &#8226; douleurs &#8226; pied &#8226; main &#8226; dos &#8226; cervicales &#8226; cou &#8226; massage plantaire &#8226; r\u00e9flexologie &#8226; acupressure &#8226; magn\u00e9tisme &#8226; sophromagn\u00e9tisme &#8226; \u00e9nergie &#8226; m\u00e9thode naturelle &#8226; \u00e9quilibre &#8226; corps esprit &#8226; zones r\u00e9flexes &#8226; burn out &#8226; sport &#8226; d\u00e9tente &#8226; sant\u00e9 &#8226; plaisir &#8226; joie &#8226; satisfaction &#8226; bonheur &#8226; contentement &#8226; euphorie &#8226; jouissance &#8226; paix-confort &#8226; moment &#8226; prosp\u00e9rit\u00e9 &#8226; chaleur &#8226; douceur &#8226; volupt\u00e9 &#8226; s\u00e9r\u00e9nit\u00e9 &#8226; qui\u00e9tude &#8226; \u00e9quilibre &#8226; soulagement &#8226; positif &#8226; favorable &#8226; solide &#8226; s\u00fbr &#8226; assur\u00e9 &#8226; objectif &#8226; syst\u00e8me nerveux &#8226; r\u00e9flexes &#8226; attraction &#8226; fluide &#8226; hypnose &#8226; mesm\u00e9risme &#8226; aimant &#8226; d\u00e9contraction &#8226; rel\u00e2chement &#8226; d\u00e9lassement &#8226; lib\u00e9ration &#8226; libert\u00e9 &#8226; relaxe &#8226; rem\u00e8de &#8226; force &#8226; vie &#8226; th\u00e9rapie naturelle &#8226; m\u00e9decine alternative &#8226; naturopathie &#8226; m\u00e9decine parall\u00e8le &#8226; traditionnelles &#8226; m\u00e9decine douce &#8226; m\u00e9decine compl\u00e9mentaire &#8226; musicoth\u00e9rapie &#8226; magn\u00e9toth\u00e9rapie &#8226; Amma Assis &#8226; huile essentielle &#8226; fleurs de Bach &#8226; pratiques \u00e9nerg\u00e9tiques &#8226; la nature &#8226; Ki &#8226; Prana &#8226; influx vital &#8226; gu\u00e9rison &#8226; Charly Samson","breadcrumb":{"@id":"https:\/\/pauseetvous.net\/index.php\/a-propos\/#breadcrumb"},"inLanguage":"fr-FR","potentialAction":[{"@type":"ReadAction","target":["https:\/\/pauseetvous.net\/index.php\/a-propos\/"]}]},{"@type":"BreadcrumbList","@id":"https:\/\/pauseetvous.net\/index.php\/a-propos\/#breadcrumb","itemListElement":[{"@type":"ListItem","position":1,"name":"Accueil","item":"https:\/\/pauseetvous.net\/"},{"@type":"ListItem","position":2,"name":"\u00c0 PROPOS"}]},{"@type":"WebSite","@id":"https:\/\/pauseetvous.net\/#website","url":"https:\/\/pauseetvous.net\/","name":"Pause et Vous","description":"Massage et Relaxation","publisher":{"@id":"https:\/\/pauseetvous.net\/#organization"},"alternateName":"Bien \u00eatre Massage et relaxation","potentialAction":[{"@type":"SearchAction","target":{"@type":"EntryPoint","urlTemplate":"https:\/\/pauseetvous.net\/?s={search_term_string}"},"query-input":{"@type":"PropertyValueSpecification","valueRequired":true,"valueName":"search_term_string"}}],"inLanguage":"fr-FR"},{"@type":"Organization","@id":"https:\/\/pauseetvous.net\/#organization","name":"Pause et Vous","url":"https:\/\/pauseetvous.net\/","logo":{"@type":"ImageObject","inLanguage":"fr-FR","@id":"https:\/\/pauseetvous.net\/#\/schema\/logo\/image\/","url":"https:\/\/pauseetvous.net\/wp-content\/uploads\/2020\/04\/Logo_250x89.bmp","contentUrl":"https:\/\/pauseetvous.net\/wp-content\/uploads\/2020\/04\/Logo_250x89.bmp","width":250,"height":250,"caption":"Pause et Vous"},"image":{"@id":"https:\/\/pauseetvous.net\/#\/schema\/logo\/image\/"},"sameAs":["https:\/\/www.facebook.com\/PauseEtVous.Rachel.SINOT"]}]}},"_links":{"self":[{"href":"https:\/\/pauseetvous.net\/index.php\/wp-json\/wp\/v2\/pages\/104","targetHints":{"allow":["GET"]}}],"collection":[{"href":"https:\/\/pauseetvous.net\/index.php\/wp-json\/wp\/v2\/pages"}],"about":[{"href":"https:\/\/pauseetvous.net\/index.php\/wp-json\/wp\/v2\/types\/page"}],"author":[{"embeddable":true,"href":"https:\/\/pauseetvous.net\/index.php\/wp-json\/wp\/v2\/users\/1"}],"replies":[{"embeddable":true,"href":"https:\/\/pauseetvous.net\/index.php\/wp-json\/wp\/v2\/comments?post=104"}],"version-history":[{"count":6,"href":"https:\/\/pauseetvous.net\/index.php\/wp-json\/wp\/v2\/pages\/104\/revisions"}],"predecessor-version":[{"id":193,"href":"https:\/\/pauseetvous.net\/index.php\/wp-json\/wp\/v2\/pages\/104\/revisions\/193"}],"wp:attachment":[{"href":"https:\/\/pauseetvous.net\/index.php\/wp-json\/wp\/v2\/media?parent=104"}],"curies":[{"name":"wp","href":"https:\/\/api.w.org\/{rel}","templated":true}]}}