{"id":81,"date":"2022-10-13T01:48:09","date_gmt":"2022-10-12T23:48:09","guid":{"rendered":"https:\/\/proto.pauseetvous.net\/?page_id=81"},"modified":"2022-10-22T13:08:22","modified_gmt":"2022-10-22T11:08:22","slug":"massage-amma-assis","status":"publish","type":"page","link":"https:\/\/pauseetvous.net\/index.php\/massage-amma-assis\/","title":{"rendered":"MASSAGE \u00ab\u00a0AMMA ASSIS\u00a0\u00bb"},"content":{"rendered":"\n<p><strong>1\u00b0 Qu\u2019est-ce que le massage \u00ab\u00a0Amma Assis\u00a0\u00bb ?<\/strong><br><br><strong>2\u00b0 \u00c0 qui s\u2019adresse cette m\u00e9thode ?<\/strong><br><br><strong>3\u00b0 Contre-indications<\/strong><br><br><strong>4\u00b0 D\u00e9roulement d\u2019une s\u00e9ance<\/strong><\/p>\n\n\n\n<p><strong>1\u00b0 Qu\u2019est-ce que le massage \u00ab\u00a0Amma Assis\u00a0\u00bb ?<\/strong><br><br>Le massage \u00ab\u00a0Amma Assis\u00a0\u00bb est une m\u00e9thode de relaxation simple qui se pratique sur une chaise ergonomique, qui requiert tr\u00e8s peu d\u2019espace, d\u2019organisation et de temps. Ce massage peut \u00eatre pratiqu\u00e9 aussi bien \u00e0 domicile qu\u2019en entreprise ou en \u00e9v\u00e8nementiel. En seulement 15 \u00e0 20 mn, il permet d\u2019\u00e9prouver un \u00e9tat profond de relaxation et de bien-\u00eatre int\u00e9rieur. Il r\u00e9\u00e9quilibre l\u2019\u00e9nergie du corps pour une meilleure sant\u00e9 mentale et physique en exer\u00e7ant des pressions sur certaines zones.<\/p>\n\n\n\n<p><strong>2\u00b0 A qui s\u2019adresse cette m\u00e9thode ?<\/strong><br><br>A toute personne d\u00e9sireuse de ressentir un \u00e9tat de relaxation intense et rapide, lui permettant de lutter contre le stress ou encore soulager les maux dont elle souffre.<\/p>\n\n\n\n<p><strong>3\u00b0 Les contre-indications<\/strong><br><br>&#8211; cicatrices post-op\u00e9ratoires r\u00e9centes<br>&#8211; blessures<br>&#8211; fractures<br>&#8211; maladie de peau particuli\u00e8rement couvrante et\/ou d\u2019inflammation<br>&#8211; urgence chirurgicale<br>&#8211; cancers<br>&#8211; diab\u00e8te<br>&#8211; maladies cardiaques<br>&#8211; accident vasculaire<br>&#8211; thrombose<br>&#8211; diarrh\u00e9es<br>&#8211; prise d\u2019anticoagulant<br>&#8211; p\u00e9riode de menstruations<br>&#8211; femmes enceintes<br>&#8211; prise de repas copieux<br>&#8211; personne alcoolis\u00e9e.<\/p>\n\n\n\n<p><strong>4\u00b0 Le d\u00e9roulement d\u2019une s\u00e9ance&#8230;<\/strong><br><br>Tout d\u2019abord, prise de contact et entretien.<br>Vous restez habill\u00e9 pendant la s\u00e9ance.<br>Visant \u00e0 soulager les tensions et \u00e0 d\u00e9tendre le dos, les \u00e9paules, les bras, les mains, la t\u00eate et la nuque, j\u2019exerce un encha\u00eenement pr\u00e9cis et technique, compos\u00e9 de pressions, d\u2019\u00e9tirements, de percussions et de balayages.<br>A l\u2019issue de chaque s\u00e9ance, je vous laisse tranquillement reprendre vos esprits.<\/p>\n\n\n\n<div class=\"wp-block-buttons is-layout-flex wp-block-buttons-is-layout-flex\">\n<div class=\"wp-block-button\"><a class=\"wp-block-button__link\" href=\"https:\/\/pauseetvous.net\/index.php\/contactez-moi\/\">Cela m&rsquo;int\u00e9resse &#8230;<\/a><\/div>\n<\/div>\n","protected":false},"excerpt":{"rendered":"<p>1\u00b0 Qu\u2019est-ce que le massage \u00ab\u00a0Amma Assis\u00a0\u00bb ? 2\u00b0 \u00c0 qui s\u2019adresse cette m\u00e9thode ? 3\u00b0 Contre-indications 4\u00b0 D\u00e9roulement d\u2019une s\u00e9ance 1\u00b0 Qu\u2019est-ce que le massage \u00ab\u00a0Amma Assis\u00a0\u00bb ? Le massage \u00ab\u00a0Amma Assis\u00a0\u00bb est une m\u00e9thode de relaxation simple qui <a class=\"more-link\" href=\"https:\/\/pauseetvous.net\/index.php\/massage-amma-assis\/\">Continuer la lecture <span class=\"screen-reader-text\">  MASSAGE \u00ab\u00a0AMMA ASSIS\u00a0\u00bb<\/span><span class=\"meta-nav\">&rarr;<\/span><\/a><\/p>\n","protected":false},"author":1,"featured_media":0,"parent":0,"menu_order":0,"comment_status":"closed","ping_status":"closed","template":"","meta":{"footnotes":""},"class_list":["post-81","page","type-page","status-publish","hentry"],"yoast_head":"<!-- This site is optimized with the Yoast SEO plugin v27.5 - https:\/\/yoast.com\/product\/yoast-seo-wordpress\/ -->\n<title>MASSAGE &quot;AMMA ASSIS&quot; &#8226; Pause et Vous<\/title>\n<meta name=\"description\" content=\"Sedan &#8226; Glaire &#8226; Villers-Meuse &#8226; Charleville-M\u00e9zi\u00e8res &#8226; Donchery &#8226; Mouzon &#8226; Carignan &#8226; Ardennes &#8226; Champagne Ardenne &#8226; Grand Est &#8226; Bouillon &#8226; Florenville &#8226; Sinot &#8226; Rachel &#8226; Conf\u00e9rence &#8226; Ev\u00e9nementiel &#8226; Pause et vous &#8226; groupe &#8226; cadeau &#8226; soci\u00e9t\u00e9 &#8226; entreprises &#8226; domicile &#8226; Bien-\u00eatre &#8226; naturel &#8226; massage &#8226; pause &#8226; stress &#8226; anxi\u00e9t\u00e9 &#8226; tensions &#8226; respiration &#8226; instant pr\u00e9sent &#8226; inquiet &#8226; soin &#8226; relaxation &#8226; douleurs &#8226; pied &#8226; main &#8226; dos &#8226; cervicales &#8226; cou &#8226; massage plantaire &#8226; r\u00e9flexologie &#8226; acupressure &#8226; magn\u00e9tisme &#8226; sophromagn\u00e9tisme &#8226; \u00e9nergie &#8226; m\u00e9thode naturelle &#8226; \u00e9quilibre &#8226; corps esprit &#8226; zones r\u00e9flexes &#8226; burn out &#8226; sport &#8226; d\u00e9tente &#8226; sant\u00e9 &#8226; plaisir &#8226; joie &#8226; satisfaction &#8226; bonheur &#8226; contentement &#8226; euphorie &#8226; jouissance &#8226; paix-confort &#8226; moment &#8226; prosp\u00e9rit\u00e9 &#8226; chaleur &#8226; douceur &#8226; volupt\u00e9 &#8226; s\u00e9r\u00e9nit\u00e9 &#8226; qui\u00e9tude &#8226; \u00e9quilibre &#8226; soulagement &#8226; positif &#8226; favorable &#8226; solide &#8226; s\u00fbr &#8226; assur\u00e9 &#8226; objectif &#8226; syst\u00e8me nerveux &#8226; r\u00e9flexes &#8226; attraction &#8226; fluide &#8226; hypnose &#8226; mesm\u00e9risme &#8226; aimant &#8226; d\u00e9contraction &#8226; rel\u00e2chement &#8226; d\u00e9lassement &#8226; lib\u00e9ration &#8226; libert\u00e9 &#8226; relaxe &#8226; rem\u00e8de &#8226; force &#8226; vie &#8226; th\u00e9rapie naturelle &#8226; m\u00e9decine alternative &#8226; naturopathie &#8226; m\u00e9decine parall\u00e8le &#8226; traditionnelles &#8226; m\u00e9decine douce &#8226; m\u00e9decine compl\u00e9mentaire &#8226; musicoth\u00e9rapie &#8226; magn\u00e9toth\u00e9rapie &#8226; Amma Assis &#8226; huile essentielle &#8226; fleurs de Bach &#8226; pratiques \u00e9nerg\u00e9tiques &#8226; la nature &#8226; Ki &#8226; Prana &#8226; influx vital &#8226; gu\u00e9rison &#8226; Charly Samson\" \/>\n<meta name=\"robots\" content=\"index, follow, max-snippet:-1, max-image-preview:large, max-video-preview:-1\" \/>\n<link rel=\"canonical\" href=\"https:\/\/pauseetvous.net\/index.php\/massage-amma-assis\/\" \/>\n<meta property=\"og:locale\" content=\"fr_FR\" \/>\n<meta property=\"og:type\" content=\"article\" \/>\n<meta property=\"og:title\" content=\"MASSAGE &quot;AMMA ASSIS&quot; &#8226; Pause et Vous\" \/>\n<meta property=\"og:description\" content=\"Sedan &#8226; Glaire &#8226; Villers-Meuse &#8226; Charleville-M\u00e9zi\u00e8res &#8226; Donchery &#8226; Mouzon &#8226; Carignan &#8226; Ardennes &#8226; Champagne Ardenne &#8226; Grand Est &#8226; Bouillon &#8226; Florenville &#8226; Sinot &#8226; Rachel &#8226; Conf\u00e9rence &#8226; Ev\u00e9nementiel &#8226; Pause et vous &#8226; groupe &#8226; cadeau &#8226; soci\u00e9t\u00e9 &#8226; entreprises &#8226; domicile &#8226; Bien-\u00eatre &#8226; naturel &#8226; massage &#8226; pause &#8226; stress &#8226; anxi\u00e9t\u00e9 &#8226; tensions &#8226; respiration &#8226; instant pr\u00e9sent &#8226; inquiet &#8226; soin &#8226; relaxation &#8226; douleurs &#8226; pied &#8226; main &#8226; dos &#8226; cervicales &#8226; cou &#8226; massage plantaire &#8226; r\u00e9flexologie &#8226; acupressure &#8226; magn\u00e9tisme &#8226; sophromagn\u00e9tisme &#8226; \u00e9nergie &#8226; m\u00e9thode naturelle &#8226; \u00e9quilibre &#8226; corps esprit &#8226; zones r\u00e9flexes &#8226; burn out &#8226; sport &#8226; d\u00e9tente &#8226; sant\u00e9 &#8226; plaisir &#8226; joie &#8226; satisfaction &#8226; bonheur &#8226; contentement &#8226; euphorie &#8226; jouissance &#8226; paix-confort &#8226; moment &#8226; prosp\u00e9rit\u00e9 &#8226; chaleur &#8226; douceur &#8226; volupt\u00e9 &#8226; s\u00e9r\u00e9nit\u00e9 &#8226; qui\u00e9tude &#8226; \u00e9quilibre &#8226; soulagement &#8226; positif &#8226; favorable &#8226; solide &#8226; s\u00fbr &#8226; assur\u00e9 &#8226; objectif &#8226; syst\u00e8me nerveux &#8226; r\u00e9flexes &#8226; attraction &#8226; fluide &#8226; hypnose &#8226; mesm\u00e9risme &#8226; aimant &#8226; d\u00e9contraction &#8226; rel\u00e2chement &#8226; d\u00e9lassement &#8226; lib\u00e9ration &#8226; libert\u00e9 &#8226; relaxe &#8226; rem\u00e8de &#8226; force &#8226; vie &#8226; th\u00e9rapie naturelle &#8226; m\u00e9decine alternative &#8226; naturopathie &#8226; m\u00e9decine parall\u00e8le &#8226; traditionnelles &#8226; m\u00e9decine douce &#8226; m\u00e9decine compl\u00e9mentaire &#8226; musicoth\u00e9rapie &#8226; magn\u00e9toth\u00e9rapie &#8226; Amma Assis &#8226; huile essentielle &#8226; fleurs de Bach &#8226; pratiques \u00e9nerg\u00e9tiques &#8226; la nature &#8226; Ki &#8226; Prana &#8226; influx vital &#8226; gu\u00e9rison &#8226; Charly Samson\" \/>\n<meta property=\"og:url\" content=\"https:\/\/pauseetvous.net\/index.php\/massage-amma-assis\/\" \/>\n<meta property=\"og:site_name\" content=\"Pause et Vous\" \/>\n<meta property=\"article:publisher\" content=\"https:\/\/www.facebook.com\/PauseEtVous.Rachel.SINOT\" \/>\n<meta property=\"article:modified_time\" content=\"2022-10-22T11:08:22+00:00\" \/>\n<meta name=\"twitter:card\" content=\"summary_large_image\" \/>\n<meta name=\"twitter:label1\" content=\"Dur\u00e9e de lecture estim\u00e9e\" \/>\n\t<meta name=\"twitter:data1\" content=\"2 minutes\" \/>\n<script type=\"application\/ld+json\" class=\"yoast-schema-graph\">{\"@context\":\"https:\\\/\\\/schema.org\",\"@graph\":[{\"@type\":\"WebPage\",\"@id\":\"https:\\\/\\\/pauseetvous.net\\\/index.php\\\/massage-amma-assis\\\/\",\"url\":\"https:\\\/\\\/pauseetvous.net\\\/index.php\\\/massage-amma-assis\\\/\",\"name\":\"MASSAGE \\\"AMMA ASSIS\\\" &#8226; Pause et Vous\",\"isPartOf\":{\"@id\":\"https:\\\/\\\/pauseetvous.net\\\/#website\"},\"datePublished\":\"2022-10-12T23:48:09+00:00\",\"dateModified\":\"2022-10-22T11:08:22+00:00\",\"description\":\"Sedan &#8226; Glaire &#8226; Villers-Meuse &#8226; Charleville-M\u00e9zi\u00e8res &#8226; Donchery &#8226; Mouzon &#8226; Carignan &#8226; Ardennes &#8226; Champagne Ardenne &#8226; Grand Est &#8226; Bouillon &#8226; Florenville &#8226; Sinot &#8226; Rachel &#8226; Conf\u00e9rence &#8226; Ev\u00e9nementiel &#8226; Pause et vous &#8226; groupe &#8226; cadeau &#8226; soci\u00e9t\u00e9 &#8226; entreprises &#8226; domicile &#8226; Bien-\u00eatre &#8226; naturel &#8226; massage &#8226; pause &#8226; stress &#8226; anxi\u00e9t\u00e9 &#8226; tensions &#8226; respiration &#8226; instant pr\u00e9sent &#8226; inquiet &#8226; soin &#8226; relaxation &#8226; douleurs &#8226; pied &#8226; main &#8226; dos &#8226; cervicales &#8226; cou &#8226; massage plantaire &#8226; r\u00e9flexologie &#8226; acupressure &#8226; magn\u00e9tisme &#8226; sophromagn\u00e9tisme &#8226; \u00e9nergie &#8226; m\u00e9thode naturelle &#8226; \u00e9quilibre &#8226; corps esprit &#8226; zones r\u00e9flexes &#8226; burn out &#8226; sport &#8226; d\u00e9tente &#8226; sant\u00e9 &#8226; plaisir &#8226; joie &#8226; satisfaction &#8226; bonheur &#8226; contentement &#8226; euphorie &#8226; jouissance &#8226; paix-confort &#8226; moment &#8226; prosp\u00e9rit\u00e9 &#8226; chaleur &#8226; douceur &#8226; volupt\u00e9 &#8226; s\u00e9r\u00e9nit\u00e9 &#8226; qui\u00e9tude &#8226; \u00e9quilibre &#8226; soulagement &#8226; positif &#8226; favorable &#8226; solide &#8226; s\u00fbr &#8226; assur\u00e9 &#8226; objectif &#8226; syst\u00e8me nerveux &#8226; r\u00e9flexes &#8226; attraction &#8226; fluide &#8226; hypnose &#8226; mesm\u00e9risme &#8226; aimant &#8226; d\u00e9contraction &#8226; rel\u00e2chement &#8226; d\u00e9lassement &#8226; lib\u00e9ration &#8226; libert\u00e9 &#8226; relaxe &#8226; rem\u00e8de &#8226; force &#8226; vie &#8226; th\u00e9rapie naturelle &#8226; m\u00e9decine alternative &#8226; naturopathie &#8226; m\u00e9decine parall\u00e8le &#8226; traditionnelles &#8226; m\u00e9decine douce &#8226; m\u00e9decine compl\u00e9mentaire &#8226; musicoth\u00e9rapie &#8226; magn\u00e9toth\u00e9rapie &#8226; Amma Assis &#8226; huile essentielle &#8226; fleurs de Bach &#8226; pratiques \u00e9nerg\u00e9tiques &#8226; la nature &#8226; Ki &#8226; Prana &#8226; influx vital &#8226; gu\u00e9rison &#8226; Charly Samson\",\"breadcrumb\":{\"@id\":\"https:\\\/\\\/pauseetvous.net\\\/index.php\\\/massage-amma-assis\\\/#breadcrumb\"},\"inLanguage\":\"fr-FR\",\"potentialAction\":[{\"@type\":\"ReadAction\",\"target\":[\"https:\\\/\\\/pauseetvous.net\\\/index.php\\\/massage-amma-assis\\\/\"]}]},{\"@type\":\"BreadcrumbList\",\"@id\":\"https:\\\/\\\/pauseetvous.net\\\/index.php\\\/massage-amma-assis\\\/#breadcrumb\",\"itemListElement\":[{\"@type\":\"ListItem\",\"position\":1,\"name\":\"Accueil\",\"item\":\"https:\\\/\\\/pauseetvous.net\\\/\"},{\"@type\":\"ListItem\",\"position\":2,\"name\":\"MASSAGE \u00ab\u00a0AMMA ASSIS\u00a0\u00bb\"}]},{\"@type\":\"WebSite\",\"@id\":\"https:\\\/\\\/pauseetvous.net\\\/#website\",\"url\":\"https:\\\/\\\/pauseetvous.net\\\/\",\"name\":\"Pause et Vous\",\"description\":\"Massage et Relaxation\",\"publisher\":{\"@id\":\"https:\\\/\\\/pauseetvous.net\\\/#organization\"},\"alternateName\":\"Bien \u00eatre Massage et relaxation\",\"potentialAction\":[{\"@type\":\"SearchAction\",\"target\":{\"@type\":\"EntryPoint\",\"urlTemplate\":\"https:\\\/\\\/pauseetvous.net\\\/?s={search_term_string}\"},\"query-input\":{\"@type\":\"PropertyValueSpecification\",\"valueRequired\":true,\"valueName\":\"search_term_string\"}}],\"inLanguage\":\"fr-FR\"},{\"@type\":\"Organization\",\"@id\":\"https:\\\/\\\/pauseetvous.net\\\/#organization\",\"name\":\"Pause et Vous\",\"url\":\"https:\\\/\\\/pauseetvous.net\\\/\",\"logo\":{\"@type\":\"ImageObject\",\"inLanguage\":\"fr-FR\",\"@id\":\"https:\\\/\\\/pauseetvous.net\\\/#\\\/schema\\\/logo\\\/image\\\/\",\"url\":\"https:\\\/\\\/pauseetvous.net\\\/wp-content\\\/uploads\\\/2020\\\/04\\\/Logo_250x89.bmp\",\"contentUrl\":\"https:\\\/\\\/pauseetvous.net\\\/wp-content\\\/uploads\\\/2020\\\/04\\\/Logo_250x89.bmp\",\"width\":250,\"height\":250,\"caption\":\"Pause et Vous\"},\"image\":{\"@id\":\"https:\\\/\\\/pauseetvous.net\\\/#\\\/schema\\\/logo\\\/image\\\/\"},\"sameAs\":[\"https:\\\/\\\/www.facebook.com\\\/PauseEtVous.Rachel.SINOT\"]}]}<\/script>\n<!-- \/ Yoast SEO plugin. -->","yoast_head_json":{"title":"MASSAGE \"AMMA ASSIS\" &#8226; Pause et Vous","description":"Sedan &#8226; Glaire &#8226; Villers-Meuse &#8226; Charleville-M\u00e9zi\u00e8res &#8226; Donchery &#8226; Mouzon &#8226; Carignan &#8226; Ardennes &#8226; Champagne Ardenne &#8226; Grand Est &#8226; Bouillon &#8226; Florenville &#8226; Sinot &#8226; Rachel &#8226; Conf\u00e9rence &#8226; Ev\u00e9nementiel &#8226; Pause et vous &#8226; groupe &#8226; cadeau &#8226; soci\u00e9t\u00e9 &#8226; entreprises &#8226; domicile &#8226; Bien-\u00eatre &#8226; naturel &#8226; massage &#8226; pause &#8226; stress &#8226; anxi\u00e9t\u00e9 &#8226; tensions &#8226; respiration &#8226; instant pr\u00e9sent &#8226; inquiet &#8226; soin &#8226; relaxation &#8226; douleurs &#8226; pied &#8226; main &#8226; dos &#8226; cervicales &#8226; cou &#8226; massage plantaire &#8226; r\u00e9flexologie &#8226; acupressure &#8226; magn\u00e9tisme &#8226; sophromagn\u00e9tisme &#8226; \u00e9nergie &#8226; m\u00e9thode naturelle &#8226; \u00e9quilibre &#8226; corps esprit &#8226; zones r\u00e9flexes &#8226; burn out &#8226; sport &#8226; d\u00e9tente &#8226; sant\u00e9 &#8226; plaisir &#8226; joie &#8226; satisfaction &#8226; bonheur &#8226; contentement &#8226; euphorie &#8226; jouissance &#8226; paix-confort &#8226; moment &#8226; prosp\u00e9rit\u00e9 &#8226; chaleur &#8226; douceur &#8226; volupt\u00e9 &#8226; s\u00e9r\u00e9nit\u00e9 &#8226; qui\u00e9tude &#8226; \u00e9quilibre &#8226; soulagement &#8226; positif &#8226; favorable &#8226; solide &#8226; s\u00fbr &#8226; assur\u00e9 &#8226; objectif &#8226; syst\u00e8me nerveux &#8226; r\u00e9flexes &#8226; attraction &#8226; fluide &#8226; hypnose &#8226; mesm\u00e9risme &#8226; aimant &#8226; d\u00e9contraction &#8226; rel\u00e2chement &#8226; d\u00e9lassement &#8226; lib\u00e9ration &#8226; libert\u00e9 &#8226; relaxe &#8226; rem\u00e8de &#8226; force &#8226; vie &#8226; th\u00e9rapie naturelle &#8226; m\u00e9decine alternative &#8226; naturopathie &#8226; m\u00e9decine parall\u00e8le &#8226; traditionnelles &#8226; m\u00e9decine douce &#8226; m\u00e9decine compl\u00e9mentaire &#8226; musicoth\u00e9rapie &#8226; magn\u00e9toth\u00e9rapie &#8226; Amma Assis &#8226; huile essentielle &#8226; fleurs de Bach &#8226; pratiques \u00e9nerg\u00e9tiques &#8226; la nature &#8226; Ki &#8226; Prana &#8226; influx vital &#8226; gu\u00e9rison &#8226; Charly Samson","robots":{"index":"index","follow":"follow","max-snippet":"max-snippet:-1","max-image-preview":"max-image-preview:large","max-video-preview":"max-video-preview:-1"},"canonical":"https:\/\/pauseetvous.net\/index.php\/massage-amma-assis\/","og_locale":"fr_FR","og_type":"article","og_title":"MASSAGE \"AMMA ASSIS\" &#8226; Pause et Vous","og_description":"Sedan &#8226; Glaire &#8226; Villers-Meuse &#8226; Charleville-M\u00e9zi\u00e8res &#8226; Donchery &#8226; Mouzon &#8226; Carignan &#8226; Ardennes &#8226; Champagne Ardenne &#8226; Grand Est &#8226; Bouillon &#8226; Florenville &#8226; Sinot &#8226; Rachel &#8226; Conf\u00e9rence &#8226; Ev\u00e9nementiel &#8226; Pause et vous &#8226; groupe &#8226; cadeau &#8226; soci\u00e9t\u00e9 &#8226; entreprises &#8226; domicile &#8226; Bien-\u00eatre &#8226; naturel &#8226; massage &#8226; pause &#8226; stress &#8226; anxi\u00e9t\u00e9 &#8226; tensions &#8226; respiration &#8226; instant pr\u00e9sent &#8226; inquiet &#8226; soin &#8226; relaxation &#8226; douleurs &#8226; pied &#8226; main &#8226; dos &#8226; cervicales &#8226; cou &#8226; massage plantaire &#8226; r\u00e9flexologie &#8226; acupressure &#8226; magn\u00e9tisme &#8226; sophromagn\u00e9tisme &#8226; \u00e9nergie &#8226; m\u00e9thode naturelle &#8226; \u00e9quilibre &#8226; corps esprit &#8226; zones r\u00e9flexes &#8226; burn out &#8226; sport &#8226; d\u00e9tente &#8226; sant\u00e9 &#8226; plaisir &#8226; joie &#8226; satisfaction &#8226; bonheur &#8226; contentement &#8226; euphorie &#8226; jouissance &#8226; paix-confort &#8226; moment &#8226; prosp\u00e9rit\u00e9 &#8226; chaleur &#8226; douceur &#8226; volupt\u00e9 &#8226; s\u00e9r\u00e9nit\u00e9 &#8226; qui\u00e9tude &#8226; \u00e9quilibre &#8226; soulagement &#8226; positif &#8226; favorable &#8226; solide &#8226; s\u00fbr &#8226; assur\u00e9 &#8226; objectif &#8226; syst\u00e8me nerveux &#8226; r\u00e9flexes &#8226; attraction &#8226; fluide &#8226; hypnose &#8226; mesm\u00e9risme &#8226; aimant &#8226; d\u00e9contraction &#8226; rel\u00e2chement &#8226; d\u00e9lassement &#8226; lib\u00e9ration &#8226; libert\u00e9 &#8226; relaxe &#8226; rem\u00e8de &#8226; force &#8226; vie &#8226; th\u00e9rapie naturelle &#8226; m\u00e9decine alternative &#8226; naturopathie &#8226; m\u00e9decine parall\u00e8le &#8226; traditionnelles &#8226; m\u00e9decine douce &#8226; m\u00e9decine compl\u00e9mentaire &#8226; musicoth\u00e9rapie &#8226; magn\u00e9toth\u00e9rapie &#8226; Amma Assis &#8226; huile essentielle &#8226; fleurs de Bach &#8226; pratiques \u00e9nerg\u00e9tiques &#8226; la nature &#8226; Ki &#8226; Prana &#8226; influx vital &#8226; gu\u00e9rison &#8226; Charly Samson","og_url":"https:\/\/pauseetvous.net\/index.php\/massage-amma-assis\/","og_site_name":"Pause et Vous","article_publisher":"https:\/\/www.facebook.com\/PauseEtVous.Rachel.SINOT","article_modified_time":"2022-10-22T11:08:22+00:00","twitter_card":"summary_large_image","twitter_misc":{"Dur\u00e9e de lecture estim\u00e9e":"2 minutes"},"schema":{"@context":"https:\/\/schema.org","@graph":[{"@type":"WebPage","@id":"https:\/\/pauseetvous.net\/index.php\/massage-amma-assis\/","url":"https:\/\/pauseetvous.net\/index.php\/massage-amma-assis\/","name":"MASSAGE \"AMMA ASSIS\" &#8226; Pause et Vous","isPartOf":{"@id":"https:\/\/pauseetvous.net\/#website"},"datePublished":"2022-10-12T23:48:09+00:00","dateModified":"2022-10-22T11:08:22+00:00","description":"Sedan &#8226; Glaire &#8226; Villers-Meuse &#8226; Charleville-M\u00e9zi\u00e8res &#8226; Donchery &#8226; Mouzon &#8226; Carignan &#8226; Ardennes &#8226; Champagne Ardenne &#8226; Grand Est &#8226; Bouillon &#8226; Florenville &#8226; Sinot &#8226; Rachel &#8226; Conf\u00e9rence &#8226; Ev\u00e9nementiel &#8226; Pause et vous &#8226; groupe &#8226; cadeau &#8226; soci\u00e9t\u00e9 &#8226; entreprises &#8226; domicile &#8226; Bien-\u00eatre &#8226; naturel &#8226; massage &#8226; pause &#8226; stress &#8226; anxi\u00e9t\u00e9 &#8226; tensions &#8226; respiration &#8226; instant pr\u00e9sent &#8226; inquiet &#8226; soin &#8226; relaxation &#8226; douleurs &#8226; pied &#8226; main &#8226; dos &#8226; cervicales &#8226; cou &#8226; massage plantaire &#8226; r\u00e9flexologie &#8226; acupressure &#8226; magn\u00e9tisme &#8226; sophromagn\u00e9tisme &#8226; \u00e9nergie &#8226; m\u00e9thode naturelle &#8226; \u00e9quilibre &#8226; corps esprit &#8226; zones r\u00e9flexes &#8226; burn out &#8226; sport &#8226; d\u00e9tente &#8226; sant\u00e9 &#8226; plaisir &#8226; joie &#8226; satisfaction &#8226; bonheur &#8226; contentement &#8226; euphorie &#8226; jouissance &#8226; paix-confort &#8226; moment &#8226; prosp\u00e9rit\u00e9 &#8226; chaleur &#8226; douceur &#8226; volupt\u00e9 &#8226; s\u00e9r\u00e9nit\u00e9 &#8226; qui\u00e9tude &#8226; \u00e9quilibre &#8226; soulagement &#8226; positif &#8226; favorable &#8226; solide &#8226; s\u00fbr &#8226; assur\u00e9 &#8226; objectif &#8226; syst\u00e8me nerveux &#8226; r\u00e9flexes &#8226; attraction &#8226; fluide &#8226; hypnose &#8226; mesm\u00e9risme &#8226; aimant &#8226; d\u00e9contraction &#8226; rel\u00e2chement &#8226; d\u00e9lassement &#8226; lib\u00e9ration &#8226; libert\u00e9 &#8226; relaxe &#8226; rem\u00e8de &#8226; force &#8226; vie &#8226; th\u00e9rapie naturelle &#8226; m\u00e9decine alternative &#8226; naturopathie &#8226; m\u00e9decine parall\u00e8le &#8226; traditionnelles &#8226; m\u00e9decine douce &#8226; m\u00e9decine compl\u00e9mentaire &#8226; musicoth\u00e9rapie &#8226; magn\u00e9toth\u00e9rapie &#8226; Amma Assis &#8226; huile essentielle &#8226; fleurs de Bach &#8226; pratiques \u00e9nerg\u00e9tiques &#8226; la nature &#8226; Ki &#8226; Prana &#8226; influx vital &#8226; gu\u00e9rison &#8226; Charly Samson","breadcrumb":{"@id":"https:\/\/pauseetvous.net\/index.php\/massage-amma-assis\/#breadcrumb"},"inLanguage":"fr-FR","potentialAction":[{"@type":"ReadAction","target":["https:\/\/pauseetvous.net\/index.php\/massage-amma-assis\/"]}]},{"@type":"BreadcrumbList","@id":"https:\/\/pauseetvous.net\/index.php\/massage-amma-assis\/#breadcrumb","itemListElement":[{"@type":"ListItem","position":1,"name":"Accueil","item":"https:\/\/pauseetvous.net\/"},{"@type":"ListItem","position":2,"name":"MASSAGE \u00ab\u00a0AMMA ASSIS\u00a0\u00bb"}]},{"@type":"WebSite","@id":"https:\/\/pauseetvous.net\/#website","url":"https:\/\/pauseetvous.net\/","name":"Pause et Vous","description":"Massage et Relaxation","publisher":{"@id":"https:\/\/pauseetvous.net\/#organization"},"alternateName":"Bien \u00eatre Massage et relaxation","potentialAction":[{"@type":"SearchAction","target":{"@type":"EntryPoint","urlTemplate":"https:\/\/pauseetvous.net\/?s={search_term_string}"},"query-input":{"@type":"PropertyValueSpecification","valueRequired":true,"valueName":"search_term_string"}}],"inLanguage":"fr-FR"},{"@type":"Organization","@id":"https:\/\/pauseetvous.net\/#organization","name":"Pause et Vous","url":"https:\/\/pauseetvous.net\/","logo":{"@type":"ImageObject","inLanguage":"fr-FR","@id":"https:\/\/pauseetvous.net\/#\/schema\/logo\/image\/","url":"https:\/\/pauseetvous.net\/wp-content\/uploads\/2020\/04\/Logo_250x89.bmp","contentUrl":"https:\/\/pauseetvous.net\/wp-content\/uploads\/2020\/04\/Logo_250x89.bmp","width":250,"height":250,"caption":"Pause et Vous"},"image":{"@id":"https:\/\/pauseetvous.net\/#\/schema\/logo\/image\/"},"sameAs":["https:\/\/www.facebook.com\/PauseEtVous.Rachel.SINOT"]}]}},"_links":{"self":[{"href":"https:\/\/pauseetvous.net\/index.php\/wp-json\/wp\/v2\/pages\/81","targetHints":{"allow":["GET"]}}],"collection":[{"href":"https:\/\/pauseetvous.net\/index.php\/wp-json\/wp\/v2\/pages"}],"about":[{"href":"https:\/\/pauseetvous.net\/index.php\/wp-json\/wp\/v2\/types\/page"}],"author":[{"embeddable":true,"href":"https:\/\/pauseetvous.net\/index.php\/wp-json\/wp\/v2\/users\/1"}],"replies":[{"embeddable":true,"href":"https:\/\/pauseetvous.net\/index.php\/wp-json\/wp\/v2\/comments?post=81"}],"version-history":[{"count":3,"href":"https:\/\/pauseetvous.net\/index.php\/wp-json\/wp\/v2\/pages\/81\/revisions"}],"predecessor-version":[{"id":194,"href":"https:\/\/pauseetvous.net\/index.php\/wp-json\/wp\/v2\/pages\/81\/revisions\/194"}],"wp:attachment":[{"href":"https:\/\/pauseetvous.net\/index.php\/wp-json\/wp\/v2\/media?parent=81"}],"curies":[{"name":"wp","href":"https:\/\/api.w.org\/{rel}","templated":true}]}}